{"id":5142,"date":"2026-05-09T14:54:32","date_gmt":"2026-05-09T17:54:32","guid":{"rendered":"https:\/\/wpsos24h.com.br\/tveventos\/?page_id=5142"},"modified":"2026-05-11T11:34:38","modified_gmt":"2026-05-11T14:34:38","slug":"sobre-nos","status":"publish","type":"page","link":"https:\/\/wpsos24h.com.br\/tveventos\/sobre-nos\/","title":{"rendered":"Sobre N\u00f3s"},"content":{"rendered":"\t\t<div data-elementor-type=\"wp-page\" data-elementor-id=\"5142\" class=\"elementor elementor-5142\" data-elementor-post-type=\"page\">\n\t\t\t\t<div class=\"elementor-element elementor-element-083235f e-con-full e-flex e-con e-parent\" data-id=\"083235f\" data-element_type=\"container\" data-e-type=\"container\" data-settings=\"{&quot;background_background&quot;:&quot;classic&quot;}\">\n\t\t<div class=\"elementor-element elementor-element-dd1b158 e-con-full e-flex e-con e-child\" data-id=\"dd1b158\" data-element_type=\"container\" data-e-type=\"container\" data-settings=\"{&quot;background_background&quot;:&quot;classic&quot;}\">\n\t\t\r\n\t\t<div class=\"elementor-element elementor-element-525f4b1 elementor-widget elementor-widget-spacer\" data-id=\"525f4b1\" data-element_type=\"widget\" data-e-type=\"widget\" data-widget_type=\"spacer.default\">\n\t\t\t\t<div class=\"elementor-widget-container\">\n\t\t\t\t\t\t\t<div class=\"elementor-spacer\">\n\t\t\t<div class=\"elementor-spacer-inner\"><\/div>\n\t\t<\/div>\n\t\t\t\t\t\t<\/div>\n\t\t\t\t<\/div>\n\t\t\t\t<\/div>\n\t\t<div class=\"elementor-element elementor-element-aabc2c5 e-con-full e-flex e-con e-child\" data-id=\"aabc2c5\" data-element_type=\"container\" data-e-type=\"container\" data-settings=\"{&quot;background_background&quot;:&quot;classic&quot;}\">\n\t\t\t\t<div class=\"elementor-element elementor-element-6704826 elementor-widget elementor-widget-ct_heading\" data-id=\"6704826\" data-element_type=\"widget\" data-e-type=\"widget\" data-widget_type=\"ct_heading.default\">\n\t\t\t\t<div class=\"elementor-widget-container\">\n\t\t\t\t\t<div id=\"ct_heading-6704826\" class=\"ct-heading h-align- sub- ct-heading-left item-st-line-gr\">\r\n    <div class=\"ct-item--inner\">\r\n        <div class=\"ct-inline-css\" data-css=\"\r\n            \">\r\n        <\/div>\r\n                <h3 class=\"item--title st-line-gr wow wow fadeInUp\" data-wow-delay=\"ms\">\r\n                        <span class=\"sp-main\">\r\n                \r\n                Sobre         <cite class=\"ct-text-highlight\">\r\n            N\u00f3s        <\/cite>\r\n        \r\n                \r\n                            <\/span>\r\n                    <\/h3>\r\n    <\/div>\r\n<\/div>\t\t\t\t<\/div>\n\t\t\t\t<\/div>\n\t\t\t\t<div class=\"elementor-element elementor-element-b7b4bc3 elementor-widget elementor-widget-text-editor\" data-id=\"b7b4bc3\" data-element_type=\"widget\" data-e-type=\"widget\" data-widget_type=\"text-editor.default\">\n\t\t\t\t<div class=\"elementor-widget-container\">\n\t\t\t\t\t\t\t\t\t<p>A TV Eventos \u00e9 um canal de comunica\u00e7\u00e3o especializado na cobertura do mercado de feiras de neg\u00f3cios, eventos corporativos, congressos, palestras, workshops e encontros profissionais.<\/p><p>Desde 2002, acompanhamos de perto os principais acontecimentos do setor, levando informa\u00e7\u00e3o relevante, atualizada e de qualidade para empresas, organizadores, expositores, profissionais e p\u00fablico interessado no universo dos eventos.<\/p><p>Com mais de duas d\u00e9cadas de atua\u00e7\u00e3o, a TV Eventos consolidou sua presen\u00e7a como uma plataforma voltada \u00e0 divulga\u00e7\u00e3o de conte\u00fados institucionais, entrevistas, novidades do mercado, tend\u00eancias, lan\u00e7amentos e oportunidades geradas pelos grandes eventos realizados no Brasil.<\/p><p>Nosso compromisso \u00e9 conectar marcas, neg\u00f3cios e pessoas por meio de uma cobertura din\u00e2mica, profissional e acess\u00edvel, valorizando a import\u00e2ncia dos eventos como espa\u00e7os de relacionamento, inova\u00e7\u00e3o, networking e gera\u00e7\u00e3o de neg\u00f3cios.<\/p><p>A TV Eventos tamb\u00e9m se destaca pela produ\u00e7\u00e3o audiovisual e pela presen\u00e7a em importantes canais de comunica\u00e7\u00e3o, ampliando a visibilidade de empresas, feiras e iniciativas que movimentam diferentes segmentos da economia.<\/p><p>TV Eventos: informa\u00e7\u00e3o, cobertura e visibilidade para o mercado de eventos e neg\u00f3cios.<\/p>\t\t\t\t\t\t\t\t<\/div>\n\t\t\t\t<\/div>\n\t\t\t\t<div class=\"elementor-element elementor-element-8480dac elementor-widget elementor-widget-button\" data-id=\"8480dac\" data-element_type=\"widget\" data-e-type=\"widget\" data-widget_type=\"button.default\">\n\t\t\t\t<div class=\"elementor-widget-container\">\n\t\t\t\t\t\t\t\t\t<div class=\"elementor-button-wrapper\">\n\t\t\t\t\t<a class=\"elementor-button elementor-button-link elementor-size-sm\" href=\"https:\/\/wpsos24h.com.br\/tveventos\/contato\/\">\n\t\t\t\t\t\t<span class=\"elementor-button-content-wrapper\">\n\t\t\t\t\t\t\t\t\t<span class=\"elementor-button-text\">Fale Conosco<\/span>\n\t\t\t\t\t<\/span>\n\t\t\t\t\t<\/a>\n\t\t\t\t<\/div>\n\t\t\t\t\t\t\t\t<\/div>\n\t\t\t\t<\/div>\n\t\t\t\t<\/div>\n\t\t\t\t<\/div>\n\t\t\t\t<\/div>\n\t\t","protected":false},"excerpt":{"rendered":"<p>Sobre N\u00f3s A TV Eventos \u00e9 um canal de comunica\u00e7\u00e3o especializado na cobertura do mercado de feiras de neg\u00f3cios, eventos corporativos, congressos, palestras, workshops e encontros profissionais. Desde 2002, acompanhamos de perto os principais acontecimentos do setor, levando informa\u00e7\u00e3o relevante, atualizada e de qualidade para empresas, organizadores, expositores, profissionais e p\u00fablico interessado no universo dos [&hellip;]<\/p>\n","protected":false},"author":3,"featured_media":0,"parent":0,"menu_order":0,"comment_status":"closed","ping_status":"closed","template":"","meta":{"footnotes":""},"class_list":["post-5142","page","type-page","status-publish","hentry"],"_links":{"self":[{"href":"https:\/\/wpsos24h.com.br\/tveventos\/wp-json\/wp\/v2\/pages\/5142","targetHints":{"allow":["GET"]}}],"collection":[{"href":"https:\/\/wpsos24h.com.br\/tveventos\/wp-json\/wp\/v2\/pages"}],"about":[{"href":"https:\/\/wpsos24h.com.br\/tveventos\/wp-json\/wp\/v2\/types\/page"}],"author":[{"embeddable":true,"href":"https:\/\/wpsos24h.com.br\/tveventos\/wp-json\/wp\/v2\/users\/3"}],"replies":[{"embeddable":true,"href":"https:\/\/wpsos24h.com.br\/tveventos\/wp-json\/wp\/v2\/comments?post=5142"}],"version-history":[{"count":5,"href":"https:\/\/wpsos24h.com.br\/tveventos\/wp-json\/wp\/v2\/pages\/5142\/revisions"}],"predecessor-version":[{"id":5343,"href":"https:\/\/wpsos24h.com.br\/tveventos\/wp-json\/wp\/v2\/pages\/5142\/revisions\/5343"}],"wp:attachment":[{"href":"https:\/\/wpsos24h.com.br\/tveventos\/wp-json\/wp\/v2\/media?parent=5142"}],"curies":[{"name":"wp","href":"https:\/\/api.w.org\/{rel}","templated":true}]}}